{"id":2,"date":"2019-05-07T09:11:46","date_gmt":"2019-05-07T07:11:46","guid":{"rendered":"https:\/\/mdrv.net\/cms\/?page_id=2"},"modified":"2019-05-23T17:20:47","modified_gmt":"2019-05-23T15:20:47","slug":"felgenkompetenzcenter","status":"publish","type":"page","link":"https:\/\/mdrv.de\/cms\/felgenkompetenzcenter\/","title":{"rendered":"Felgenkompetenzcenter"},"content":{"rendered":"\n<h2 class=\"wp-block-heading\">Felgenkompetenzcenter<\/h2>\n\n\n\n<p>Sie finden keine Felgen f\u00fcr Ihr Auto ? Sie sind sich unsicher ob die Wunschr\u00e4der ans eigene Fahrzeug passen ? Dann sind Sie bei uns genau richtig.<\/p>\n\n\n\n<p>In unsere Ausstellung finden Sie \u00fcber 100 Musterfelgen in den unterschiedlichsten Designs und Farben. Dadurch haben wir die M\u00f6glichkeit mit Ihnen zusammen die richtige Felge zu Ihren W\u00fcnschen zu finden. Wir handeln z.B. Felgen der Marken<\/p>\n\n\n\n<figure class=\"wp-block-image is-resized\"><img loading=\"lazy\" decoding=\"async\" src=\"https:\/\/mdrv.de\/cms\/wp-content\/uploads\/2019\/05\/vossen-1024x187.png\" alt=\"\" class=\"wp-image-225\" width=\"432\" height=\"78\"\/><\/figure>\n\n\n\n<figure class=\"wp-block-image is-resized\"><img loading=\"lazy\" decoding=\"async\" src=\"https:\/\/mdrv.de\/cms\/wp-content\/uploads\/2019\/05\/mbdesign-1024x242.png\" alt=\"\" class=\"wp-image-222\" width=\"433\" height=\"102\"\/><\/figure>\n\n\n\n<figure class=\"wp-block-image is-resized\"><img loading=\"lazy\" decoding=\"async\" src=\"https:\/\/mdrv.de\/cms\/wp-content\/uploads\/2019\/05\/rotiform-1024x325.png\" alt=\"\" class=\"wp-image-224\" width=\"327\" height=\"103\"\/><\/figure>\n\n\n\n<figure class=\"wp-block-image is-resized\"><img loading=\"lazy\" decoding=\"async\" src=\"https:\/\/mdrv.de\/cms\/wp-content\/uploads\/2019\/05\/ozracing-1024x318.png\" alt=\"\" class=\"wp-image-223\" width=\"355\" height=\"110\"\/><\/figure>\n\n\n\n<figure class=\"wp-block-image is-resized\"><img loading=\"lazy\" decoding=\"async\" src=\"https:\/\/mdrv.de\/cms\/wp-content\/uploads\/2019\/05\/gmpitalia-1024x200.png\" alt=\"\" class=\"wp-image-221\" width=\"391\" height=\"76\"\/><\/figure>\n\n\n\n<figure class=\"wp-block-image is-resized\"><img loading=\"lazy\" decoding=\"async\" src=\"https:\/\/mdrv.de\/cms\/wp-content\/uploads\/2019\/05\/fondmetal-1024x1024.png\" alt=\"Fondmetal\" class=\"wp-image-248\" width=\"203\" height=\"203\"\/><\/figure>\n\n\n\n<p>Nat\u00fcrlich k\u00f6nnen wir Ihnen alle Hersteller liefern. Bitte sprechen Sie uns dazu an.<\/p>\n","protected":false},"excerpt":{"rendered":"<p>Felgenkompetenzcenter Sie finden keine Felgen f\u00fcr Ihr Auto ? Sie sind sich unsicher ob die Wunschr\u00e4der ans eigene Fahrzeug passen ? Dann sind Sie bei uns genau richtig. In unsere Ausstellung finden Sie \u00fcber 100 Musterfelgen in den unterschiedlichsten Designs und Farben. Dadurch haben wir die M\u00f6glichkeit mit Ihnen zusammen die richtige Felge zu Ihren&hellip; <br \/> <a class=\"read-more\" href=\"https:\/\/mdrv.de\/cms\/felgenkompetenzcenter\/\">Weiterlesen<\/a><\/p>\n","protected":false},"author":1,"featured_media":0,"parent":0,"menu_order":0,"comment_status":"closed","ping_status":"closed","template":"page-templates\/homepage.php","meta":{"footnotes":""},"class_list":["post-2","page","type-page","status-publish","hentry"],"_links":{"self":[{"href":"https:\/\/mdrv.de\/cms\/wp-json\/wp\/v2\/pages\/2","targetHints":{"allow":["GET"]}}],"collection":[{"href":"https:\/\/mdrv.de\/cms\/wp-json\/wp\/v2\/pages"}],"about":[{"href":"https:\/\/mdrv.de\/cms\/wp-json\/wp\/v2\/types\/page"}],"author":[{"embeddable":true,"href":"https:\/\/mdrv.de\/cms\/wp-json\/wp\/v2\/users\/1"}],"replies":[{"embeddable":true,"href":"https:\/\/mdrv.de\/cms\/wp-json\/wp\/v2\/comments?post=2"}],"version-history":[{"count":28,"href":"https:\/\/mdrv.de\/cms\/wp-json\/wp\/v2\/pages\/2\/revisions"}],"predecessor-version":[{"id":267,"href":"https:\/\/mdrv.de\/cms\/wp-json\/wp\/v2\/pages\/2\/revisions\/267"}],"wp:attachment":[{"href":"https:\/\/mdrv.de\/cms\/wp-json\/wp\/v2\/media?parent=2"}],"curies":[{"name":"wp","href":"https:\/\/api.w.org\/{rel}","templated":true}]}}