{"id":10,"date":"2019-05-07T10:01:07","date_gmt":"2019-05-07T08:01:07","guid":{"rendered":"https:\/\/mdrv.net\/cms\/?page_id=10"},"modified":"2022-02-08T16:57:08","modified_gmt":"2022-02-08T15:57:08","slug":"kontakt","status":"publish","type":"page","link":"https:\/\/mdrv.de\/cms\/kontakt\/","title":{"rendered":"Kontakt"},"content":{"rendered":"\n<h3 class=\"wp-block-heading\">Kontakt<\/h3>\n\n\n<p>MDRV GmbH<br \/>Birkenallee 22<br \/>39130 Magdeburg<\/p>\n<p>Tel.: 0391 \/ 72 73 62 00<br \/>Fax: 0391 \/ 72 73 62 22<br \/>E-Mail: info [at] mdrv [dot] de<\/p>\n<p>WhatsApp: +49 391 72736223<\/p>\n<p>Gesch\u00e4ftsf\u00fchrer: J\u00f6rg Mangelsdorf<br \/>Amtsgericht Stendal: HRB 14026<br \/>Sitz der Gesellschaft: Magdeburg<\/p>\n<p>Ust-ID: DE275158892<\/p>\n<p>\u00a0<\/p>\n<p><iframe loading=\"lazy\" style=\"width: 100%;\" src=\"https:\/\/www.google.com\/maps\/embed?pb=!1m18!1m12!1m3!1d2448.9802915291816!2d11.599360000000004!3d52.134679999999996!2m3!1f0!2f0!3f0!3m2!1i1024!2i768!4f13.1!3m3!1m2!1s0x47af5f7e852e4055%3A0xc38bc6101f53f5da!2sMDRV+Mitteldeutscher+Reifenvertrieb+GmbH!5e0!3m2!1sde!2sde!4v1412887051303\" width=\"600\" height=\"400\" frameborder=\"0\"><\/iframe><\/p>","protected":false},"excerpt":{"rendered":"<p>Kontakt MDRV GmbHBirkenallee 2239130 Magdeburg Tel.: 0391 \/ 72 73 62 00Fax: 0391 \/ 72 73 62 22E-Mail: info [at] mdrv [dot] de WhatsApp: +49 391 72736223 Gesch\u00e4ftsf\u00fchrer: J\u00f6rg MangelsdorfAmtsgericht Stendal: HRB 14026Sitz der Gesellschaft: Magdeburg Ust-ID: DE275158892 \u00a0<\/p>\n","protected":false},"author":1,"featured_media":5,"parent":0,"menu_order":0,"comment_status":"closed","ping_status":"closed","template":"page-templates\/homepage.php","meta":{"footnotes":""},"class_list":["post-10","page","type-page","status-publish","has-post-thumbnail","hentry"],"_links":{"self":[{"href":"https:\/\/mdrv.de\/cms\/wp-json\/wp\/v2\/pages\/10","targetHints":{"allow":["GET"]}}],"collection":[{"href":"https:\/\/mdrv.de\/cms\/wp-json\/wp\/v2\/pages"}],"about":[{"href":"https:\/\/mdrv.de\/cms\/wp-json\/wp\/v2\/types\/page"}],"author":[{"embeddable":true,"href":"https:\/\/mdrv.de\/cms\/wp-json\/wp\/v2\/users\/1"}],"replies":[{"embeddable":true,"href":"https:\/\/mdrv.de\/cms\/wp-json\/wp\/v2\/comments?post=10"}],"version-history":[{"count":9,"href":"https:\/\/mdrv.de\/cms\/wp-json\/wp\/v2\/pages\/10\/revisions"}],"predecessor-version":[{"id":400,"href":"https:\/\/mdrv.de\/cms\/wp-json\/wp\/v2\/pages\/10\/revisions\/400"}],"wp:featuredmedia":[{"embeddable":true,"href":"https:\/\/mdrv.de\/cms\/wp-json\/wp\/v2\/media\/5"}],"wp:attachment":[{"href":"https:\/\/mdrv.de\/cms\/wp-json\/wp\/v2\/media?parent=10"}],"curies":[{"name":"wp","href":"https:\/\/api.w.org\/{rel}","templated":true}]}}